{"id":20,"date":"2015-05-07T06:26:15","date_gmt":"2015-05-07T06:26:15","guid":{"rendered":"http:\/\/migle.vvf.viko.lt\/?page_id=20"},"modified":"2018-07-13T06:49:07","modified_gmt":"2018-07-13T06:49:07","slug":"kontaktai","status":"publish","type":"page","link":"https:\/\/migle.vvf.viko.lt\/en\/kontaktai\/","title":{"rendered":"Contacts"},"content":{"rendered":"<p><strong>IB \u201eMigle\u201c<\/strong><\/p>\n<p>Vilnius University Of Applied Sciences<\/p>\n<p>Didlaukio street 49 \u2013 230, LT-08303, Vilnius<\/p>\n<p>Tel.\/Fax.: (+370-5) 219 17 09<\/p>\n<p>E-mail:\u00a0<a href=\"mailto:vpmfmigle@gmail.com\">vpmfmigle@gmail.com<\/a><\/p>\n<p>IB \u201eMigle\u201c supervisor: Ilona Kojelyt\u0117 &#8211; \u010cepurnien\u0117, e-mail:\u00a0i.kojelyte@vvf.viko.lt<\/p>\n<p>https:\/\/www.facebook.com\/vpmfmigle\/<\/p>","protected":false},"excerpt":{"rendered":"<p>IB \u201eMigle\u201c Vilnius University Of Applied Sciences Didlaukio street 49 \u2013 230, LT-08303, Vilnius Tel.\/Fax.: (+370-5) 219 17 09 E-mail:\u00a0vpmfmigle@gmail.com IB \u201eMigle\u201c supervisor: Ilona Kojelyt\u0117 &#8211; \u010cepurnien\u0117, e-mail:\u00a0i.kojelyte@vvf.viko.lt https:\/\/www.facebook.com\/vpmfmigle\/<\/p>\n","protected":false},"author":2,"featured_media":0,"parent":0,"menu_order":8,"comment_status":"closed","ping_status":"closed","template":"","meta":[],"_links":{"self":[{"href":"https:\/\/migle.vvf.viko.lt\/en\/wp-json\/wp\/v2\/pages\/20"}],"collection":[{"href":"https:\/\/migle.vvf.viko.lt\/en\/wp-json\/wp\/v2\/pages"}],"about":[{"href":"https:\/\/migle.vvf.viko.lt\/en\/wp-json\/wp\/v2\/types\/page"}],"author":[{"embeddable":true,"href":"https:\/\/migle.vvf.viko.lt\/en\/wp-json\/wp\/v2\/users\/2"}],"replies":[{"embeddable":true,"href":"https:\/\/migle.vvf.viko.lt\/en\/wp-json\/wp\/v2\/comments?post=20"}],"version-history":[{"count":2,"href":"https:\/\/migle.vvf.viko.lt\/en\/wp-json\/wp\/v2\/pages\/20\/revisions"}],"predecessor-version":[{"id":99,"href":"https:\/\/migle.vvf.viko.lt\/en\/wp-json\/wp\/v2\/pages\/20\/revisions\/99"}],"wp:attachment":[{"href":"https:\/\/migle.vvf.viko.lt\/en\/wp-json\/wp\/v2\/media?parent=20"}],"curies":[{"name":"wp","href":"https:\/\/api.w.org\/{rel}","templated":true}]}}